{"id":4309,"date":"2023-03-17T21:16:13","date_gmt":"2023-03-17T21:16:13","guid":{"rendered":"https:\/\/wraptogo.us\/bagstorage\/"},"modified":"2023-03-25T16:49:22","modified_gmt":"2023-03-25T16:49:22","slug":"resguardo-de-equipaje","status":"publish","type":"page","link":"https:\/\/wraptogo.us\/es\/resguardo-de-equipaje\/","title":{"rendered":"Resguardo de equipaje"},"content":{"rendered":"<div class=\"wp-block-image\">\n<figure class=\"aligncenter size-full\"><img decoding=\"async\" width=\"1920\" height=\"600\" src=\"https:\/\/wraptogo.us\/wp-content\/uploads\/2023\/03\/almacenaje-BANNER.webp\" alt=\"\" class=\"wp-image-4312\" srcset=\"https:\/\/wraptogo.us\/wp-content\/uploads\/2023\/03\/almacenaje-BANNER.webp 1920w, https:\/\/wraptogo.us\/wp-content\/uploads\/2023\/03\/almacenaje-BANNER-300x94.webp 300w, https:\/\/wraptogo.us\/wp-content\/uploads\/2023\/03\/almacenaje-BANNER-600x188.webp 600w, https:\/\/wraptogo.us\/wp-content\/uploads\/2023\/03\/almacenaje-BANNER-768x240.webp 768w, https:\/\/wraptogo.us\/wp-content\/uploads\/2023\/03\/almacenaje-BANNER-1536x480.webp 1536w, https:\/\/wraptogo.us\/wp-content\/uploads\/2023\/03\/almacenaje-BANNER-260x81.webp 260w, https:\/\/wraptogo.us\/wp-content\/uploads\/2023\/03\/almacenaje-BANNER-50x16.webp 50w, https:\/\/wraptogo.us\/wp-content\/uploads\/2023\/03\/almacenaje-BANNER-150x47.webp 150w, https:\/\/wraptogo.us\/wp-content\/uploads\/2023\/03\/almacenaje-BANNER-400x125.webp 400w\" sizes=\"(max-width:767px) 480px, (max-width:1920px) 100vw, 1920px\" \/><\/figure>\n<\/div>\n\n\n<div class=\"mt-20\"><center><h1>Resguardo de equipaje<\/h1><\/center><\/div>\n\n\n\n<div class=\"mt-20\"><center><h3>Tu soluci\u00f3n de almacenamiento de equipaje confiable y accesible en la ciudad.<\/h3><\/center><\/div>\n\n\n\n<section class=\"mt-20\">\n<p><center>\n<h6>Permite que nuestro servicio de almacenamiento de equipaje se encargue de tus pertenencias mientras viajas o disfrutas de un crucero. Con opciones flexibles y tarifas competitivas, ofrecemos una soluci\u00f3n segura, f\u00e1cil y accesible para almacenar tu equipaje durante horas, d\u00edas o semanas. \u00a1Cont\u00e1ctanos ahora y reserva tu espacio!<\/h6><\/center>\n<\/p>\n<\/section>\n\n\n\n<section class=\"mt-20\">\n<div>\n<table>\n  <thead>\n    <tr>\n      <th>Tama\u00f1o<\/th>\n      <th>Precio<\/th>\n    <\/tr>\n  <\/thead>\n  <tbody>\n    <tr>\n      <td>0 a 18 pulgadas (0 a 46 Cent\u00edmetros)<\/td>\n      <td>$8<\/td>\n    <\/tr>\n    <tr>\n      <td>18 a 24 pulgadas (46 a 61 Cent\u00edmetros)<\/td>\n      <td>$9<\/td>\n    <\/tr>\n    <tr>\n      <td>24 a 32 pulgadas (61 a 81 Cent\u00edmetros)<\/td>\n      <td>$10<\/td>\n    <\/tr>\n    <tr>\n      <td>32 a 40 Pulgadas (81 a 102 Cent\u00edmetros)<\/td>\n      <td>$14<\/td>\n    <\/tr>\n    <tr>\n      <td>40 Pulgadas a 4 Pies (102 Cent\u00edmetros to 1.2 Metros)<\/td>\n      <td>$18<\/td>\n    <\/tr>\n    <tr>\n      <td>4 a 10 Pies (1.2 a 3 Metros)<\/td>\n      <td>$19<\/td>\n    <\/tr>\n  <\/tbody>\n<\/table>\n<\/div>\n<\/section>\n\n\n\n<div class=\"mt-80\"><center><h3>Vis\u00edtanos<\/h3><\/center><\/div>\n\n\n\n<section class=\"mt-80\">\n<div>\n<iframe src=\"https:\/\/www.google.com\/maps\/embed?pb=!1m18!1m12!1m3!1d3591.862243656348!2d-80.2799739!3d25.808118399999998!2m3!1f0!2f0!3f0!3m2!1i1024!2i768!4f13.1!3m3!1m2!1s0x88d9b9ff0c419b69%3A0x7942eee27d567f0a!2s5203%20NW%2036th%20St%2C%20Miami%20Springs%2C%20FL%2033166%2C%20EE.%20UU.!5e0!3m2!1ses-419!2sve!4v1679131482756!5m2!1ses-419!2sve\" width=\"100%\" height=\"450\" style=\"border:0;\" allowfullscreen=\"\" loading=\"lazy\" referrerpolicy=\"no-referrer-when-downgrade\"><\/iframe>\n<\/div>\n<\/section>\n\n\n\n<section class=\"info-section mt-80 mb-80\">\n  <div class=\"info-block\">\n    <i class=\"fas fa-whatsapp icon-ws\"><\/i>\n    <h2 class=\"info-title\">Whatsapp<\/h2>\n    <p class=\"info-text\"><a href=\"https:\/\/wa.me\/13053516217\" target=\"_blank\" rel=\"noopener\">+1 (305) 351-6217<\/a><\/p>\n  <\/div>\n  <div class=\"info-block\">\n    <i class=\"fas fa-clock icon\"><\/i>\n    <h2 class=\"info-title\">Horario<\/h2>\n    <p class=\"info-text\">Lun &#8211; Vie 9:00am &#8211; 5:00pm<br>Sab 9:00am &#8211; 2:00pm<\/p>\n  <\/div>\n  <div class=\"info-block\">\n    <i class=\"fas fa-envelope icon\"><\/i>\n    <h2 class=\"info-title\">Email<\/h2>\n    <p class=\"info-text\"><a href=\"mailto:info@wraptogo.us\">info@wraptogo.us<\/a><\/p>\n  <\/div>\n<\/section>\n","protected":false},"excerpt":{"rendered":"<p>Resguardo de equipaje Tu soluci\u00f3n de almacenamiento de equipaje confiable y accesible en la ciudad. Permite que nuestro servicio de almacenamiento de equipaje se encargue de<\/p>\n","protected":false},"author":17,"featured_media":0,"parent":0,"menu_order":0,"comment_status":"closed","ping_status":"closed","template":"","meta":{"footnotes":""},"class_list":["post-4309","page","type-page","status-publish","hentry"],"yoast_head":"<!-- This site is optimized with the Yoast SEO plugin v27.4 - https:\/\/yoast.com\/product\/yoast-seo-wordpress\/ -->\n<title>Resguardo de equipaje - Wrap to go<\/title>\n<meta name=\"robots\" content=\"noindex, follow\" \/>\n<meta property=\"og:locale\" content=\"es_ES\" \/>\n<meta property=\"og:type\" content=\"article\" \/>\n<meta property=\"og:title\" content=\"Resguardo de equipaje - Wrap to go\" \/>\n<meta property=\"og:description\" content=\"Resguardo de equipaje Tu soluci\u00f3n de almacenamiento de equipaje confiable y accesible en la ciudad. Permite que nuestro servicio de almacenamiento de equipaje se encargue de\" \/>\n<meta property=\"og:url\" content=\"https:\/\/wraptogo.us\/es\/resguardo-de-equipaje\/\" \/>\n<meta property=\"og:site_name\" content=\"Wrap to go\" \/>\n<meta property=\"article:modified_time\" content=\"2023-03-25T16:49:22+00:00\" \/>\n<meta property=\"og:image\" content=\"https:\/\/wraptogo.us\/wp-content\/uploads\/2023\/03\/almacenaje-BANNER.webp\" \/>\n\t<meta property=\"og:image:width\" content=\"1920\" \/>\n\t<meta property=\"og:image:height\" content=\"600\" \/>\n\t<meta property=\"og:image:type\" content=\"image\/webp\" \/>\n<meta name=\"twitter:card\" content=\"summary_large_image\" \/>\n<meta name=\"twitter:label1\" content=\"Tiempo de lectura\" \/>\n\t<meta name=\"twitter:data1\" content=\"1 minuto\" \/>\n<script type=\"application\/ld+json\" class=\"yoast-schema-graph\">{\"@context\":\"https:\\\/\\\/schema.org\",\"@graph\":[{\"@type\":\"WebPage\",\"@id\":\"https:\\\/\\\/wraptogo.us\\\/es\\\/resguardo-de-equipaje\\\/\",\"url\":\"https:\\\/\\\/wraptogo.us\\\/es\\\/resguardo-de-equipaje\\\/\",\"name\":\"Resguardo de equipaje - Wrap to go\",\"isPartOf\":{\"@id\":\"https:\\\/\\\/wraptogo.us\\\/#website\"},\"primaryImageOfPage\":{\"@id\":\"https:\\\/\\\/wraptogo.us\\\/es\\\/resguardo-de-equipaje\\\/#primaryimage\"},\"image\":{\"@id\":\"https:\\\/\\\/wraptogo.us\\\/es\\\/resguardo-de-equipaje\\\/#primaryimage\"},\"thumbnailUrl\":\"https:\\\/\\\/wraptogo.us\\\/wp-content\\\/uploads\\\/2023\\\/03\\\/almacenaje-BANNER.webp\",\"datePublished\":\"2023-03-17T21:16:13+00:00\",\"dateModified\":\"2023-03-25T16:49:22+00:00\",\"breadcrumb\":{\"@id\":\"https:\\\/\\\/wraptogo.us\\\/es\\\/resguardo-de-equipaje\\\/#breadcrumb\"},\"inLanguage\":\"es\",\"potentialAction\":[{\"@type\":\"ReadAction\",\"target\":[\"https:\\\/\\\/wraptogo.us\\\/es\\\/resguardo-de-equipaje\\\/\"]}]},{\"@type\":\"ImageObject\",\"inLanguage\":\"es\",\"@id\":\"https:\\\/\\\/wraptogo.us\\\/es\\\/resguardo-de-equipaje\\\/#primaryimage\",\"url\":\"https:\\\/\\\/wraptogo.us\\\/wp-content\\\/uploads\\\/2023\\\/03\\\/almacenaje-BANNER.webp\",\"contentUrl\":\"https:\\\/\\\/wraptogo.us\\\/wp-content\\\/uploads\\\/2023\\\/03\\\/almacenaje-BANNER.webp\"},{\"@type\":\"BreadcrumbList\",\"@id\":\"https:\\\/\\\/wraptogo.us\\\/es\\\/resguardo-de-equipaje\\\/#breadcrumb\",\"itemListElement\":[{\"@type\":\"ListItem\",\"position\":1,\"name\":\"Home\",\"item\":\"https:\\\/\\\/wraptogo.us\\\/es\\\/home\\\/\"},{\"@type\":\"ListItem\",\"position\":2,\"name\":\"Resguardo de equipaje\"}]},{\"@type\":\"WebSite\",\"@id\":\"https:\\\/\\\/wraptogo.us\\\/#website\",\"url\":\"https:\\\/\\\/wraptogo.us\\\/\",\"name\":\"Wrap to go\",\"description\":\"Wrap to go\",\"publisher\":{\"@id\":\"https:\\\/\\\/wraptogo.us\\\/#organization\"},\"potentialAction\":[{\"@type\":\"SearchAction\",\"target\":{\"@type\":\"EntryPoint\",\"urlTemplate\":\"https:\\\/\\\/wraptogo.us\\\/?s={search_term_string}\"},\"query-input\":{\"@type\":\"PropertyValueSpecification\",\"valueRequired\":true,\"valueName\":\"search_term_string\"}}],\"inLanguage\":\"es\"},{\"@type\":\"Organization\",\"@id\":\"https:\\\/\\\/wraptogo.us\\\/#organization\",\"name\":\"Luzarcan Group Inc.\",\"url\":\"https:\\\/\\\/wraptogo.us\\\/\",\"logo\":{\"@type\":\"ImageObject\",\"inLanguage\":\"es\",\"@id\":\"https:\\\/\\\/wraptogo.us\\\/#\\\/schema\\\/logo\\\/image\\\/\",\"url\":\"https:\\\/\\\/wraptogo.us\\\/wp-content\\\/uploads\\\/2024\\\/11\\\/logo-sin-fondo.png\",\"contentUrl\":\"https:\\\/\\\/wraptogo.us\\\/wp-content\\\/uploads\\\/2024\\\/11\\\/logo-sin-fondo.png\",\"width\":720,\"height\":720,\"caption\":\"Luzarcan Group Inc.\"},\"image\":{\"@id\":\"https:\\\/\\\/wraptogo.us\\\/#\\\/schema\\\/logo\\\/image\\\/\"},\"sameAs\":[\"https:\\\/\\\/www.instagram.com\\\/wraptogoofficial\\\/\"]}]}<\/script>\n<!-- \/ Yoast SEO plugin. -->","yoast_head_json":{"title":"Resguardo de equipaje - Wrap to go","robots":{"index":"noindex","follow":"follow"},"og_locale":"es_ES","og_type":"article","og_title":"Resguardo de equipaje - Wrap to go","og_description":"Resguardo de equipaje Tu soluci\u00f3n de almacenamiento de equipaje confiable y accesible en la ciudad. Permite que nuestro servicio de almacenamiento de equipaje se encargue de","og_url":"https:\/\/wraptogo.us\/es\/resguardo-de-equipaje\/","og_site_name":"Wrap to go","article_modified_time":"2023-03-25T16:49:22+00:00","og_image":[{"width":1920,"height":600,"url":"https:\/\/wraptogo.us\/wp-content\/uploads\/2023\/03\/almacenaje-BANNER.webp","type":"image\/webp"}],"twitter_card":"summary_large_image","twitter_misc":{"Tiempo de lectura":"1 minuto"},"schema":{"@context":"https:\/\/schema.org","@graph":[{"@type":"WebPage","@id":"https:\/\/wraptogo.us\/es\/resguardo-de-equipaje\/","url":"https:\/\/wraptogo.us\/es\/resguardo-de-equipaje\/","name":"Resguardo de equipaje - Wrap to go","isPartOf":{"@id":"https:\/\/wraptogo.us\/#website"},"primaryImageOfPage":{"@id":"https:\/\/wraptogo.us\/es\/resguardo-de-equipaje\/#primaryimage"},"image":{"@id":"https:\/\/wraptogo.us\/es\/resguardo-de-equipaje\/#primaryimage"},"thumbnailUrl":"https:\/\/wraptogo.us\/wp-content\/uploads\/2023\/03\/almacenaje-BANNER.webp","datePublished":"2023-03-17T21:16:13+00:00","dateModified":"2023-03-25T16:49:22+00:00","breadcrumb":{"@id":"https:\/\/wraptogo.us\/es\/resguardo-de-equipaje\/#breadcrumb"},"inLanguage":"es","potentialAction":[{"@type":"ReadAction","target":["https:\/\/wraptogo.us\/es\/resguardo-de-equipaje\/"]}]},{"@type":"ImageObject","inLanguage":"es","@id":"https:\/\/wraptogo.us\/es\/resguardo-de-equipaje\/#primaryimage","url":"https:\/\/wraptogo.us\/wp-content\/uploads\/2023\/03\/almacenaje-BANNER.webp","contentUrl":"https:\/\/wraptogo.us\/wp-content\/uploads\/2023\/03\/almacenaje-BANNER.webp"},{"@type":"BreadcrumbList","@id":"https:\/\/wraptogo.us\/es\/resguardo-de-equipaje\/#breadcrumb","itemListElement":[{"@type":"ListItem","position":1,"name":"Home","item":"https:\/\/wraptogo.us\/es\/home\/"},{"@type":"ListItem","position":2,"name":"Resguardo de equipaje"}]},{"@type":"WebSite","@id":"https:\/\/wraptogo.us\/#website","url":"https:\/\/wraptogo.us\/","name":"Wrap to go","description":"Wrap to go","publisher":{"@id":"https:\/\/wraptogo.us\/#organization"},"potentialAction":[{"@type":"SearchAction","target":{"@type":"EntryPoint","urlTemplate":"https:\/\/wraptogo.us\/?s={search_term_string}"},"query-input":{"@type":"PropertyValueSpecification","valueRequired":true,"valueName":"search_term_string"}}],"inLanguage":"es"},{"@type":"Organization","@id":"https:\/\/wraptogo.us\/#organization","name":"Luzarcan Group Inc.","url":"https:\/\/wraptogo.us\/","logo":{"@type":"ImageObject","inLanguage":"es","@id":"https:\/\/wraptogo.us\/#\/schema\/logo\/image\/","url":"https:\/\/wraptogo.us\/wp-content\/uploads\/2024\/11\/logo-sin-fondo.png","contentUrl":"https:\/\/wraptogo.us\/wp-content\/uploads\/2024\/11\/logo-sin-fondo.png","width":720,"height":720,"caption":"Luzarcan Group Inc."},"image":{"@id":"https:\/\/wraptogo.us\/#\/schema\/logo\/image\/"},"sameAs":["https:\/\/www.instagram.com\/wraptogoofficial\/"]}]}},"_links":{"self":[{"href":"https:\/\/wraptogo.us\/es\/wp-json\/wp\/v2\/pages\/4309\/"}],"collection":[{"href":"https:\/\/wraptogo.us\/es\/wp-json\/wp\/v2\/pages\/"}],"about":[{"href":"https:\/\/wraptogo.us\/es\/wp-json\/wp\/v2\/types\/page\/"}],"author":[{"embeddable":true,"href":"https:\/\/wraptogo.us\/es\/wp-json\/wp\/v2\/users\/17\/"}],"replies":[{"embeddable":true,"href":"https:\/\/wraptogo.us\/es\/wp-json\/wp\/v2\/comments\/?post=4309"}],"version-history":[{"count":0,"href":"https:\/\/wraptogo.us\/es\/wp-json\/wp\/v2\/pages\/4309\/revisions\/"}],"wp:attachment":[{"href":"https:\/\/wraptogo.us\/es\/wp-json\/wp\/v2\/media\/?parent=4309"}],"curies":[{"name":"wp","href":"https:\/\/api.w.org\/{rel}","templated":true}]}}